{"id":9582,"date":"2023-06-04T22:28:54","date_gmt":"2023-06-04T20:28:54","guid":{"rendered":"https:\/\/xinchao.nl\/wageningen\/?post_type=product&#038;p=9582"},"modified":"2025-12-07T22:06:05","modified_gmt":"2025-12-07T21:06:05","slug":"vietnamese-fried-chicken-wings","status":"publish","type":"product","link":"https:\/\/xinchao.nl\/wageningen\/product\/vietnamese-fried-chicken-wings\/","title":{"rendered":"Vietnamese Fried Chicken Wings"},"content":{"rendered":"<p>Vietnamese gefrituurde kippenvleugels, ook bekend als C\u00e1nh G\u00e0 Chi\u00ean N\u01b0\u1edbc M\u1eafm en C\u00e1nh G\u00e0 Chi\u00ean B\u01a1 T\u1ecfi, is een populair Vietnamees gerecht gemaakt met kippenvleugels die goudbruin worden gebakken. De vleugels worden vervolgens in een glazuur van zoete en hartige vissaus of boter gemengd. Het resultaat is een heerlijk en smaakvol gerecht dat perfect is als aperitief, maar kan ook als tussendoortje worden geserveerd. Genieten!<\/p>\n<p>4 wings per portie<\/p>\n<p><img decoding=\"async\" class=\"lazyload size-full wp-image-1882 alignleft\" src=\"data:image\/svg+xml,%3Csvg%20xmlns%3D%27http%3A%2F%2Fwww.w3.org%2F2000%2Fsvg%27%20width%3D%2757%27%20height%3D%2757%27%20viewBox%3D%270%200%2057%2057%27%3E%3Crect%20width%3D%2757%27%20height%3D%2757%27%20fill-opacity%3D%220%22%2F%3E%3C%2Fsvg%3E\" data-orig-src=\"https:\/\/xinchao.nl\/utrecht\/wp-content\/uploads\/sites\/17\/2023\/06\/2glutenvrij.png\" alt=\"\" width=\"57\" height=\"57\" \/><\/p>\n","protected":false},"excerpt":{"rendered":"<p>Vietnamese gefrituurde kippenvleugels, ook bekend als C\u00e1nh G\u00e0 Chi\u00ean N\u01b0\u1edbc M\u1eafm en C\u00e1nh G\u00e0 Chi\u00ean B\u01a1 T\u1ecfi, is een populair Vietnamees gerecht gemaakt met kippenvleugels die goudbruin worden gebakken. De vleugels worden vervolgens in een glazuur van zoete en hartige vissaus of boter gemengd. Het resultaat is een heerlijk en smaakvol gerecht dat perfect is als aperitief, maar kan ook als tussendoortje worden geserveerd. Genieten!<\/p>\n<p>4 wings per portie<br \/>\n<img decoding=\"async\" class=\"size-full wp-image-1882 alignleft\" src=\"https:\/\/xinchao.nl\/wageningen\/wp-content\/uploads\/sites\/14\/2023\/06\/2glutenvrij.png\" alt=\"\" width=\"57\" height=\"57\" \/><\/p>\n","protected":false},"featured_media":12532,"template":"","meta":{"_seopress_robots_primary_cat":"none","_seopress_titles_title":"","_seopress_titles_desc":"","_seopress_robots_index":""},"product_brand":[],"product_cat":[41,106],"product_tag":[],"class_list":{"0":"post-9582","1":"product","2":"type-product","3":"status-publish","4":"has-post-thumbnail","6":"product_cat-snacks","7":"product_cat-must-try","9":"first","10":"instock","11":"shipping-taxable","12":"purchasable","13":"product-type-simple"},"_links":{"self":[{"href":"https:\/\/xinchao.nl\/wageningen\/wp-json\/wp\/v2\/product\/9582","targetHints":{"allow":["GET"]}}],"collection":[{"href":"https:\/\/xinchao.nl\/wageningen\/wp-json\/wp\/v2\/product"}],"about":[{"href":"https:\/\/xinchao.nl\/wageningen\/wp-json\/wp\/v2\/types\/product"}],"wp:featuredmedia":[{"embeddable":true,"href":"https:\/\/xinchao.nl\/wageningen\/wp-json\/wp\/v2\/media\/12532"}],"wp:attachment":[{"href":"https:\/\/xinchao.nl\/wageningen\/wp-json\/wp\/v2\/media?parent=9582"}],"wp:term":[{"taxonomy":"product_brand","embeddable":true,"href":"https:\/\/xinchao.nl\/wageningen\/wp-json\/wp\/v2\/product_brand?post=9582"},{"taxonomy":"product_cat","embeddable":true,"href":"https:\/\/xinchao.nl\/wageningen\/wp-json\/wp\/v2\/product_cat?post=9582"},{"taxonomy":"product_tag","embeddable":true,"href":"https:\/\/xinchao.nl\/wageningen\/wp-json\/wp\/v2\/product_tag?post=9582"}],"curies":[{"name":"wp","href":"https:\/\/api.w.org\/{rel}","templated":true}]}}